{"id":447,"date":"2023-06-20T10:52:03","date_gmt":"2023-06-20T14:52:03","guid":{"rendered":"https:\/\/rematex.ca\/?page_id=447"},"modified":"2023-07-10T10:43:23","modified_gmt":"2023-07-10T14:43:23","slug":"custom-homes","status":"publish","type":"page","link":"https:\/\/rematex.ca\/fr\/custom-homes\/","title":{"rendered":"Maisons sur mesure"},"content":{"rendered":"<p>Rematex Construction Ltd. offre un service personnalis\u00e9 pour ceux qui recherchent \u00e0 b\u00e2tir une maison sur mesure. Le client collabore avec l\u2019\u00e9quipe R\u00e9matex \u00e0 toutes les \u00e9tapes de la construction et ce, \u00e0 partir de l\u2019\u00e9bauche du plan jusqu\u2019au \u00e9l\u00e9ments de finition de la maison. Vous pouvez aussi nous amener votre plan et nous guarantissons d\u2019\u00eatre comp\u00e9titif!<\/p>\n","protected":false},"excerpt":{"rendered":"<p>Rematex Construction Ltd. offre un service personnalis\u00e9 pour ceux qui recherchent \u00e0 b\u00e2tir une maison sur mesure. Le client collabore avec l\u2019\u00e9quipe R\u00e9matex \u00e0 toutes les \u00e9tapes de la construction et ce, \u00e0 partir de l\u2019\u00e9bauche du plan jusqu\u2019au \u00e9l\u00e9ments de finition de la maison. Vous pouvez aussi nous amener votre plan et nous guarantissons &hellip; <a href=\"https:\/\/rematex.ca\/fr\/custom-homes\/\" class=\"more-link\">Continuer la lecture de <span class=\"screen-reader-text\">Maisons sur mesure<\/span><\/a><\/p>\n","protected":false},"author":1,"featured_media":53,"parent":0,"menu_order":0,"comment_status":"closed","ping_status":"closed","template":"templates\/template-custom.php","meta":{"_acf_changed":false,"two_page_speed":[],"footnotes":""},"class_list":["post-447","page","type-page","status-publish","has-post-thumbnail","hentry"],"acf":[],"yoast_head":"<!-- This site is optimized with the Yoast SEO plugin v27.4 - https:\/\/yoast.com\/product\/yoast-seo-wordpress\/ -->\n<title>Maisons sur mesure - Rematex<\/title>\n<meta name=\"robots\" content=\"index, follow, max-snippet:-1, max-image-preview:large, max-video-preview:-1\" \/>\n<link rel=\"canonical\" href=\"https:\/\/rematex.ca\/fr\/custom-homes\/\" \/>\n<meta property=\"og:locale\" content=\"fr_FR\" \/>\n<meta property=\"og:type\" content=\"article\" \/>\n<meta property=\"og:title\" content=\"Maisons sur mesure - Rematex\" \/>\n<meta property=\"og:description\" content=\"Rematex Construction Ltd. offre un service personnalis\u00e9 pour ceux qui recherchent \u00e0 b\u00e2tir une maison sur mesure. Le client collabore avec l\u2019\u00e9quipe R\u00e9matex \u00e0 toutes les \u00e9tapes de la construction et ce, \u00e0 partir de l\u2019\u00e9bauche du plan jusqu\u2019au \u00e9l\u00e9ments de finition de la maison. Vous pouvez aussi nous amener votre plan et nous guarantissons &hellip; Continuer la lecture de Maisons sur mesure\" \/>\n<meta property=\"og:url\" content=\"https:\/\/rematex.ca\/fr\/custom-homes\/\" \/>\n<meta property=\"og:site_name\" content=\"Rematex\" \/>\n<meta property=\"article:modified_time\" content=\"2023-07-10T14:43:23+00:00\" \/>\n<meta property=\"og:image\" content=\"https:\/\/rematex.ca\/wp-content\/uploads\/2023\/06\/custom-homes-banner.png\" \/>\n\t<meta property=\"og:image:width\" content=\"954\" \/>\n\t<meta property=\"og:image:height\" content=\"349\" \/>\n\t<meta property=\"og:image:type\" content=\"image\/png\" \/>\n<meta name=\"twitter:card\" content=\"summary_large_image\" \/>\n<script type=\"application\/ld+json\" class=\"yoast-schema-graph\">{\"@context\":\"https:\\\/\\\/schema.org\",\"@graph\":[{\"@type\":\"WebPage\",\"@id\":\"https:\\\/\\\/rematex.ca\\\/fr\\\/custom-homes\\\/\",\"url\":\"https:\\\/\\\/rematex.ca\\\/fr\\\/custom-homes\\\/\",\"name\":\"Maisons sur mesure - Rematex\",\"isPartOf\":{\"@id\":\"https:\\\/\\\/rematex.ca\\\/fr\\\/#website\"},\"primaryImageOfPage\":{\"@id\":\"https:\\\/\\\/rematex.ca\\\/fr\\\/custom-homes\\\/#primaryimage\"},\"image\":{\"@id\":\"https:\\\/\\\/rematex.ca\\\/fr\\\/custom-homes\\\/#primaryimage\"},\"thumbnailUrl\":\"https:\\\/\\\/rematex.ca\\\/wp-content\\\/uploads\\\/2023\\\/06\\\/custom-homes-banner.png\",\"datePublished\":\"2023-06-20T14:52:03+00:00\",\"dateModified\":\"2023-07-10T14:43:23+00:00\",\"breadcrumb\":{\"@id\":\"https:\\\/\\\/rematex.ca\\\/fr\\\/custom-homes\\\/#breadcrumb\"},\"inLanguage\":\"fr-FR\",\"potentialAction\":[{\"@type\":\"ReadAction\",\"target\":[\"https:\\\/\\\/rematex.ca\\\/fr\\\/custom-homes\\\/\"]}]},{\"@type\":\"ImageObject\",\"inLanguage\":\"fr-FR\",\"@id\":\"https:\\\/\\\/rematex.ca\\\/fr\\\/custom-homes\\\/#primaryimage\",\"url\":\"https:\\\/\\\/rematex.ca\\\/wp-content\\\/uploads\\\/2023\\\/06\\\/custom-homes-banner.png\",\"contentUrl\":\"https:\\\/\\\/rematex.ca\\\/wp-content\\\/uploads\\\/2023\\\/06\\\/custom-homes-banner.png\",\"width\":954,\"height\":349},{\"@type\":\"BreadcrumbList\",\"@id\":\"https:\\\/\\\/rematex.ca\\\/fr\\\/custom-homes\\\/#breadcrumb\",\"itemListElement\":[{\"@type\":\"ListItem\",\"position\":1,\"name\":\"Home\",\"item\":\"https:\\\/\\\/rematex.ca\\\/fr\\\/\"},{\"@type\":\"ListItem\",\"position\":2,\"name\":\"Maisons sur mesure\"}]},{\"@type\":\"WebSite\",\"@id\":\"https:\\\/\\\/rematex.ca\\\/fr\\\/#website\",\"url\":\"https:\\\/\\\/rematex.ca\\\/fr\\\/\",\"name\":\"Rematex\",\"description\":\"Knowledge, Experience, Value\",\"potentialAction\":[{\"@type\":\"SearchAction\",\"target\":{\"@type\":\"EntryPoint\",\"urlTemplate\":\"https:\\\/\\\/rematex.ca\\\/fr\\\/?s={search_term_string}\"},\"query-input\":{\"@type\":\"PropertyValueSpecification\",\"valueRequired\":true,\"valueName\":\"search_term_string\"}}],\"inLanguage\":\"fr-FR\"}]}<\/script>\n<!-- \/ Yoast SEO plugin. -->","yoast_head_json":{"title":"Maisons sur mesure - Rematex","robots":{"index":"index","follow":"follow","max-snippet":"max-snippet:-1","max-image-preview":"max-image-preview:large","max-video-preview":"max-video-preview:-1"},"canonical":"https:\/\/rematex.ca\/fr\/custom-homes\/","og_locale":"fr_FR","og_type":"article","og_title":"Maisons sur mesure - Rematex","og_description":"Rematex Construction Ltd. offre un service personnalis\u00e9 pour ceux qui recherchent \u00e0 b\u00e2tir une maison sur mesure. Le client collabore avec l\u2019\u00e9quipe R\u00e9matex \u00e0 toutes les \u00e9tapes de la construction et ce, \u00e0 partir de l\u2019\u00e9bauche du plan jusqu\u2019au \u00e9l\u00e9ments de finition de la maison. Vous pouvez aussi nous amener votre plan et nous guarantissons &hellip; Continuer la lecture de Maisons sur mesure","og_url":"https:\/\/rematex.ca\/fr\/custom-homes\/","og_site_name":"Rematex","article_modified_time":"2023-07-10T14:43:23+00:00","og_image":[{"width":954,"height":349,"url":"https:\/\/rematex.ca\/wp-content\/uploads\/2023\/06\/custom-homes-banner.png","type":"image\/png"}],"twitter_card":"summary_large_image","schema":{"@context":"https:\/\/schema.org","@graph":[{"@type":"WebPage","@id":"https:\/\/rematex.ca\/fr\/custom-homes\/","url":"https:\/\/rematex.ca\/fr\/custom-homes\/","name":"Maisons sur mesure - Rematex","isPartOf":{"@id":"https:\/\/rematex.ca\/fr\/#website"},"primaryImageOfPage":{"@id":"https:\/\/rematex.ca\/fr\/custom-homes\/#primaryimage"},"image":{"@id":"https:\/\/rematex.ca\/fr\/custom-homes\/#primaryimage"},"thumbnailUrl":"https:\/\/rematex.ca\/wp-content\/uploads\/2023\/06\/custom-homes-banner.png","datePublished":"2023-06-20T14:52:03+00:00","dateModified":"2023-07-10T14:43:23+00:00","breadcrumb":{"@id":"https:\/\/rematex.ca\/fr\/custom-homes\/#breadcrumb"},"inLanguage":"fr-FR","potentialAction":[{"@type":"ReadAction","target":["https:\/\/rematex.ca\/fr\/custom-homes\/"]}]},{"@type":"ImageObject","inLanguage":"fr-FR","@id":"https:\/\/rematex.ca\/fr\/custom-homes\/#primaryimage","url":"https:\/\/rematex.ca\/wp-content\/uploads\/2023\/06\/custom-homes-banner.png","contentUrl":"https:\/\/rematex.ca\/wp-content\/uploads\/2023\/06\/custom-homes-banner.png","width":954,"height":349},{"@type":"BreadcrumbList","@id":"https:\/\/rematex.ca\/fr\/custom-homes\/#breadcrumb","itemListElement":[{"@type":"ListItem","position":1,"name":"Home","item":"https:\/\/rematex.ca\/fr\/"},{"@type":"ListItem","position":2,"name":"Maisons sur mesure"}]},{"@type":"WebSite","@id":"https:\/\/rematex.ca\/fr\/#website","url":"https:\/\/rematex.ca\/fr\/","name":"Rematex","description":"Knowledge, Experience, Value","potentialAction":[{"@type":"SearchAction","target":{"@type":"EntryPoint","urlTemplate":"https:\/\/rematex.ca\/fr\/?s={search_term_string}"},"query-input":{"@type":"PropertyValueSpecification","valueRequired":true,"valueName":"search_term_string"}}],"inLanguage":"fr-FR"}]}},"_links":{"self":[{"href":"https:\/\/rematex.ca\/fr\/wp-json\/wp\/v2\/pages\/447","targetHints":{"allow":["GET"]}}],"collection":[{"href":"https:\/\/rematex.ca\/fr\/wp-json\/wp\/v2\/pages"}],"about":[{"href":"https:\/\/rematex.ca\/fr\/wp-json\/wp\/v2\/types\/page"}],"author":[{"embeddable":true,"href":"https:\/\/rematex.ca\/fr\/wp-json\/wp\/v2\/users\/1"}],"replies":[{"embeddable":true,"href":"https:\/\/rematex.ca\/fr\/wp-json\/wp\/v2\/comments?post=447"}],"version-history":[{"count":7,"href":"https:\/\/rematex.ca\/fr\/wp-json\/wp\/v2\/pages\/447\/revisions"}],"predecessor-version":[{"id":795,"href":"https:\/\/rematex.ca\/fr\/wp-json\/wp\/v2\/pages\/447\/revisions\/795"}],"wp:featuredmedia":[{"embeddable":true,"href":"https:\/\/rematex.ca\/fr\/wp-json\/wp\/v2\/media\/53"}],"wp:attachment":[{"href":"https:\/\/rematex.ca\/fr\/wp-json\/wp\/v2\/media?parent=447"}],"curies":[{"name":"wp","href":"https:\/\/api.w.org\/{rel}","templated":true}]}}